{"id":367,"date":"2024-03-26T00:00:04","date_gmt":"2024-03-26T00:00:04","guid":{"rendered":"https:\/\/site.devsta.eu\/?page_id=367"},"modified":"2024-03-26T00:11:36","modified_gmt":"2024-03-26T00:11:36","slug":"izjava-o-zasebnosti","status":"publish","type":"page","link":"https:\/\/balajcevadomacija.si\/de\/izjava-o-zasebnosti\/","title":{"rendered":"Erkl\u00e4rung zum Datenschutz"},"content":{"rendered":"<div data-elementor-type=\"wp-page\" data-elementor-id=\"367\" class=\"elementor elementor-367\" data-elementor-post-type=\"page\">\n\t\t\t\t\t\t<section class=\"elementor-section elementor-top-section elementor-element elementor-element-20d557a elementor-section-boxed elementor-section-height-default elementor-section-height-default\" data-id=\"20d557a\" data-element_type=\"section\" data-settings=\"{&quot;background_background&quot;:&quot;classic&quot;}\">\n\t\t\t\t\t\t<div class=\"elementor-container elementor-column-gap-default\">\n\t\t\t\t\t<div class=\"elementor-column elementor-col-100 elementor-top-column elementor-element elementor-element-2f8098e\" data-id=\"2f8098e\" data-element_type=\"column\">\n\t\t\t<div class=\"elementor-widget-wrap elementor-element-populated\">\n\t\t\t\t\t\t<div class=\"elementor-element elementor-element-fa1b15e elementor-widget elementor-widget-heading\" data-id=\"fa1b15e\" data-element_type=\"widget\" data-widget_type=\"heading.default\">\n\t\t\t\t<div class=\"elementor-widget-container\">\n\t\t\t<style>\/*! elementor - v3.20.0 - 20-03-2024 *\/\n.elementor-heading-title{padding:0;margin:0;line-height:1}.elementor-widget-heading .elementor-heading-title[class*=elementor-size-]>a{color:inherit;font-size:inherit;line-height:inherit}.elementor-widget-heading .elementor-heading-title.elementor-size-small{font-size:15px}.elementor-widget-heading .elementor-heading-title.elementor-size-medium{font-size:19px}.elementor-widget-heading .elementor-heading-title.elementor-size-large{font-size:29px}.elementor-widget-heading .elementor-heading-title.elementor-size-xl{font-size:39px}.elementor-widget-heading .elementor-heading-title.elementor-size-xxl{font-size:59px}<\/style><h2 class=\"elementor-heading-title elementor-size-default\">Erkl\u00e4rung zum Datenschutz<\/h2>\t\t<\/div>\n\t\t\t\t<\/div>\n\t\t\t\t<div class=\"elementor-element elementor-element-1d9e53b elementor-widget elementor-widget-text-editor\" data-id=\"1d9e53b\" data-element_type=\"widget\" data-widget_type=\"text-editor.default\">\n\t\t\t\t<div class=\"elementor-widget-container\">\n\t\t\t<style>\/*! elementor - v3.20.0 - 20-03-2024 *\/\n.elementor-widget-text-editor.elementor-drop-cap-view-stacked .elementor-drop-cap{background-color:#69727d;color:#fff}.elementor-widget-text-editor.elementor-drop-cap-view-framed .elementor-drop-cap{color:#69727d;border:3px solid;background-color:transparent}.elementor-widget-text-editor:not(.elementor-drop-cap-view-default) .elementor-drop-cap{margin-top:8px}.elementor-widget-text-editor:not(.elementor-drop-cap-view-default) .elementor-drop-cap-letter{width:1em;height:1em}.elementor-widget-text-editor .elementor-drop-cap{float:left;text-align:center;line-height:1;font-size:50px}.elementor-widget-text-editor .elementor-drop-cap-letter{display:inline-block}<\/style>\t\t\t\t<p>Ihre personenbezogenen Daten sind f\u00fcr die Website www.balajcevadomacija.si sehr wichtig und werden daher gem\u00e4\u00df der Verordnung (EU) 2016\/679 des Europ\u00e4ischen Parlaments und des Rates zum Schutz nat\u00fcrlicher Personen bei der Verarbeitung personenbezogener Daten und zum freien Datenverkehr und zur Aufhebung der Richtlinie 95\/46\/EG (Datenschutz-Grundverordnung) und anderen geltenden Rechtsvorschriften gesch\u00fctzt.<\/p><p><b>Pers\u00f6nliche Daten<\/b><\/p><p>Personenbezogene Daten sind alle Informationen \u00fcber eine bestimmte oder bestimmbare nat\u00fcrliche oder juristische Person (nachstehend \"betroffene Person\" genannt). Als bestimmbar wird eine nat\u00fcrliche oder juristische Person angesehen, die direkt oder indirekt identifiziert werden kann, insbesondere durch Zuordnung zu einer Kennung wie einem Namen, zu einer Kennnummer, zu Standortdaten, zu einer Online-Kennung oder zu einem oder mehreren besonderen Merkmalen, die Ausdruck der physischen, physiologischen, genetischen, psychischen, wirtschaftlichen, kulturellen oder sozialen Identit\u00e4t dieser nat\u00fcrlichen oder juristischen Person sind.<\/p><ol><li aria-level=\"1\"><b><i>Wer<\/i><\/b><b>\u00a0Ihre pers\u00f6nlichen Daten verarbeitet?<\/b><\/li><\/ol><p>Geh\u00f6ft Balajec<\/p><p>\u010cike\u010dka vas 32, Prosenjakovci<\/p><p>Mobile: 041 834 327<\/p><p>E-Mail: elizabeta.fras@gmail.com<\/p><ol><li aria-level=\"1\"><b><i>Welche<\/i><\/b><b>\u00a0Verarbeiten wir die Daten?<\/b><\/li><\/ol><p>Wenn Sie einen Termin anfragen, geben Sie uns die folgenden Informationen:<\/p><ul><li aria-level=\"1\">Name, Telefonnummer, E-Mail-Adresse, Ihre Nachricht.<\/li><\/ul><p>Wir erfassen Ihre Daten auch durch den tats\u00e4chlichen Besuch der Website (Datum und Uhrzeit des Besuchs).<\/p><ol><li aria-level=\"1\"><b><i>Warum<\/i><\/b><b>\u00a0Verarbeiten wir personenbezogene Daten?<\/b><\/li><\/ol><p>Mit der Best\u00e4tigung der von Ihnen eingegebenen personenbezogenen Daten geben Sie Balajceva doma\u010da Ihr Einverst\u00e4ndnis, die erhobenen Daten in ihren Datenbanken auf der Grundlage von Artikel 6 (1f) der Allgemeinen Verordnung (EU) 2016\/679 zu verarbeiten und f\u00fcr die folgenden Zwecke zu verwenden:<\/p><ul><li aria-level=\"1\">Erf\u00fcllung vertraglicher Verpflichtungen (Bestellungen, Seminaranmeldungen und Abonnements);<\/li><li aria-level=\"1\">statistische Verarbeitung;<\/li><li aria-level=\"1\">Kundensegmentierung und Analyse des Kaufverhaltens;<\/li><li aria-level=\"1\">Unterrichtung der Kunden \u00fcber etwaige M\u00e4ngel, Korrekturen und \u00c4nderungen an Produkten und Dienstleistungen;<\/li><li aria-level=\"1\">f\u00fcr Direktmarketing-Kampagnen: Zusendung von Angeboten, Werbematerial des Geh\u00f6fts Balajce;<\/li><li aria-level=\"1\">Preisausschreibungen zu versenden;<\/li><li aria-level=\"1\">Versand von Einladungen zu Veranstaltungen;<\/li><li aria-level=\"1\">telefonische, schriftliche und elektronische Umfragen.<\/li><\/ul><p>Wenn Sie diese Angaben nicht machen, k\u00f6nnen Sie keine Online-Anfrage f\u00fcr eine \u00dcbernachtung stellen.<\/p><p>Wir werden Ihre personenbezogenen Daten nur dann zur Erf\u00fcllung unserer vertraglichen Verpflichtungen Ihnen gegen\u00fcber verwenden, wenn wir ein berechtigtes Interesse daran haben, d. h. wenn Sie in die Verarbeitung Ihrer Daten eingewilligt haben, indem Sie unsere Dienstleistungen in Anspruch genommen haben, und wenn dies gesetzlich vorgeschrieben ist. Wir d\u00fcrfen Ihre personenbezogenen Daten so lange verarbeiten, wie unsere Aktivit\u00e4ten Ihre Privatsph\u00e4re nicht unverh\u00e4ltnism\u00e4\u00dfig verletzen. Ihre personenbezogenen Daten werden verarbeitet, wenn wir ein berechtigtes Interesse daran haben, Ihre Erwartungen als Kunde zu erf\u00fcllen, und wir m\u00f6chten nicht, dass Sie neue Veranstaltungen und Angebote in unserem Online-Shop verpassen. Auch bei der Datenverarbeitung auf der Grundlage unserer berechtigten Interessen haben Sie das Recht auf Einschr\u00e4nkung, was bedeutet, dass Sie m\u00f6glicherweise neue Angebote und Veranstaltungen nicht wahrnehmen oder nicht dar\u00fcber informiert werden.<\/p><p>Balajceva doma\u010da wird Ihre personenbezogenen Daten nicht an Dritte weitergeben oder verkaufen und sie auch nicht an Drittl\u00e4nder weitergeben. Wir verwenden sie, um Eink\u00e4ufe und andere notwendige Mitteilungen zu t\u00e4tigen.<\/p><ol><li aria-level=\"1\"><b><i>Wie viele<\/i><\/b><b>\u00a0wie lange wir die Daten aufbewahren werden:<\/b><\/li><\/ol><p>Das Geh\u00f6ft Balajce verarbeitet die Daten so lange, bis die Einwilligung der Person widerrufen wird. Sie k\u00f6nnen einen schriftlichen Widerruf an elizabeta.fras@gmail.com senden. Ungeachtet des Widerrufs wird Balajceva doma\u010dija die Daten f\u00fcr die Erf\u00fcllung ihrer vertraglichen Verpflichtungen verwenden.<\/p><ol><li aria-level=\"1\"><b><i>Welche Rechte<\/i><\/b><b>\u00a0hat die Person?<\/b><\/li><\/ol><ul><li aria-level=\"1\">Zugang, Berichtigung, \u00c4nderung oder Erg\u00e4nzung der sie betreffenden personenbezogenen Daten;<\/li><li aria-level=\"1\">einen Ausdruck oder eine Kopie zum Zweck der \u00dcbermittlung der ihn betreffenden personenbezogenen Daten;<\/li><li aria-level=\"1\">die Verarbeitung personenbezogener Daten zu l\u00f6schen oder einzuschr\u00e4nken.<\/li><\/ul><p>Wir verwenden Ihre E-Mail-Adresse, die Sie uns zur Verf\u00fcgung gestellt haben, um Ihnen gelegentlich Mitteilungen \u00fcber unsere neuen Angebote zukommen zu lassen. Der Nutzer kann jederzeit verlangen, dass Balajceva homestead seine E-Mail-Adresse aus den Aufzeichnungen l\u00f6scht. Die Abmeldemethode wird in jeder Nachricht beschrieben, die wir an Ihre E-Mail-Adresse senden.<\/p><p><b>Cookies<\/b><\/p><p>Unsere Website kann ein so genanntes \"Cookie\" auf dem Browser Ihres Computers ablegen. Cookies sind kleine Textdateien, die uns Informationen dar\u00fcber geben, wie oft eine Person unsere Website besucht und was sie w\u00e4hrend dieser Besuche interessiert. Cookies selbst enthalten keine personenbezogenen Informationen, aber wenn Sie uns diese Informationen selbst zur Verf\u00fcgung stellen, z. B. durch eine Registrierung, k\u00f6nnen sie mit den im Cookie gespeicherten Informationen verkn\u00fcpft werden.<\/p><p>Sie haben immer die M\u00f6glichkeit, Cookies zu akzeptieren oder abzulehnen. Die meisten Webbrowser akzeptieren Cookies automatisch, und Sie k\u00f6nnen dies in Ihren Einstellungen so \u00e4ndern, dass Ihr Computer Cookies ablehnt oder dass Sie eine Warnung erhalten, bevor ein Cookie gespeichert wird.<\/p><p>Unsere Website verwendet die folgenden Cookies:<\/p><p>Ein Session-Cookie wird erstellt, wenn Sie unsere Website \u00f6ffnen. Ein Session-Cookie wird verwendet, um Informationen zu speichern, z. B. die gew\u00e4hlte Sprache, die Registerkarte, auf der Sie sich befinden, die Textgr\u00f6\u00dfe usw. Ein Session-Cookie wird gel\u00f6scht, sobald Sie das Fenster schlie\u00dfen.<\/p><p>Dauerhafte Cookies erm\u00f6glichen es einer Website, sich Ihre pers\u00f6nlichen Pr\u00e4ferenzen f\u00fcr einen l\u00e4ngeren Zeitraum zu merken (Ihre Wahl der Cookies, der Textgr\u00f6\u00dfe usw.). Ein dauerhafter Cookie wird f\u00fcr einen bestimmten Zeitraum gesetzt. Nach Ablauf dieses Zeitraums wird das Cookie gel\u00f6scht und Sie m\u00fcssen bestimmte Schritte erneut durchf\u00fchren (erneute Best\u00e4tigung der Verwendung von Cookies, Neueinstellung der Textgr\u00f6\u00dfe usw.).<\/p><p>Cookies von Drittanbietern werden f\u00fcr verschiedene Web-Analysen, Online-Werbung, soziale Netzwerke usw. verwendet.<\/p><p><b>Deaktivieren von Cookies<\/b><\/p><p>Sie k\u00f6nnen Ihre Cookie-Einstellungen in Ihrem Webbrowser kontrollieren und \u00e4ndern. Um Informationen \u00fcber Ihre Cookie-Einstellungen zu erhalten, w\u00e4hlen Sie bitte den von Ihnen verwendeten Webbrowser aus:<\/p><ul><li aria-level=\"1\">Chrom<\/li><li aria-level=\"1\">Firefox<\/li><li aria-level=\"1\">Internet Explorer 9<\/li><li aria-level=\"1\">Internet Explorer 7 und 8<\/li><li aria-level=\"1\">Oper (Englische Seite)<\/li><li aria-level=\"1\">Safari (Englische Seite)<\/li><\/ul><p>Wenn Sie Cookies deaktivieren, k\u00f6nnen einige Funktionen der Website deaktiviert werden.<\/p><p>Letzte \u00c4nderung: 28.3.2021<\/p>\t\t\t\t\t\t<\/div>\n\t\t\t\t<\/div>\n\t\t\t\t\t<\/div>\n\t\t<\/div>\n\t\t\t\t\t<\/div>\n\t\t<\/section>\n\t\t\t\t<\/div>","protected":false},"excerpt":{"rendered":"<p>Datenschutzerkl\u00e4rung Ihre pers\u00f6nlichen Daten sind f\u00fcr die Website www.balajcevadomacija.si sehr wichtig, daher sch\u00fctzen wir sie gem\u00e4\u00df [...]<\/p>","protected":false},"author":1,"featured_media":0,"parent":0,"menu_order":0,"comment_status":"closed","ping_status":"closed","template":"","meta":{"site-sidebar-layout":"no-sidebar","site-content-layout":"","ast-site-content-layout":"full-width-container","site-content-style":"default","site-sidebar-style":"default","ast-global-header-display":"","ast-banner-title-visibility":"","ast-main-header-display":"","ast-hfb-above-header-display":"","ast-hfb-below-header-display":"","ast-hfb-mobile-header-display":"","site-post-title":"disabled","ast-breadcrumbs-content":"","ast-featured-img":"disabled","footer-sml-layout":"","theme-transparent-header-meta":"","adv-header-id-meta":"","stick-header-meta":"","header-above-stick-meta":"","header-main-stick-meta":"","header-below-stick-meta":"","astra-migrate-meta-layouts":"default","ast-page-background-enabled":"default","ast-page-background-meta":{"desktop":{"background-color":"var(--ast-global-color-4)","background-image":"","background-repeat":"repeat","background-position":"center center","background-size":"auto","background-attachment":"scroll","background-type":"","background-media":"","overlay-type":"","overlay-color":"","overlay-gradient":""},"tablet":{"background-color":"","background-image":"","background-repeat":"repeat","background-position":"center center","background-size":"auto","background-attachment":"scroll","background-type":"","background-media":"","overlay-type":"","overlay-color":"","overlay-gradient":""},"mobile":{"background-color":"","background-image":"","background-repeat":"repeat","background-position":"center center","background-size":"auto","background-attachment":"scroll","background-type":"","background-media":"","overlay-type":"","overlay-color":"","overlay-gradient":""}},"ast-content-background-meta":{"desktop":{"background-color":"var(--ast-global-color-5)","background-image":"","background-repeat":"repeat","background-position":"center center","background-size":"auto","background-attachment":"scroll","background-type":"","background-media":"","overlay-type":"","overlay-color":"","overlay-gradient":""},"tablet":{"background-color":"var(--ast-global-color-5)","background-image":"","background-repeat":"repeat","background-position":"center center","background-size":"auto","background-attachment":"scroll","background-type":"","background-media":"","overlay-type":"","overlay-color":"","overlay-gradient":""},"mobile":{"background-color":"var(--ast-global-color-5)","background-image":"","background-repeat":"repeat","background-position":"center center","background-size":"auto","background-attachment":"scroll","background-type":"","background-media":"","overlay-type":"","overlay-color":"","overlay-gradient":""}},"footnotes":""},"class_list":["post-367","page","type-page","status-publish","hentry"],"_links":{"self":[{"href":"https:\/\/balajcevadomacija.si\/de\/wp-json\/wp\/v2\/pages\/367","targetHints":{"allow":["GET"]}}],"collection":[{"href":"https:\/\/balajcevadomacija.si\/de\/wp-json\/wp\/v2\/pages"}],"about":[{"href":"https:\/\/balajcevadomacija.si\/de\/wp-json\/wp\/v2\/types\/page"}],"author":[{"embeddable":true,"href":"https:\/\/balajcevadomacija.si\/de\/wp-json\/wp\/v2\/users\/1"}],"replies":[{"embeddable":true,"href":"https:\/\/balajcevadomacija.si\/de\/wp-json\/wp\/v2\/comments?post=367"}],"version-history":[{"count":0,"href":"https:\/\/balajcevadomacija.si\/de\/wp-json\/wp\/v2\/pages\/367\/revisions"}],"wp:attachment":[{"href":"https:\/\/balajcevadomacija.si\/de\/wp-json\/wp\/v2\/media?parent=367"}],"curies":[{"name":"wp","href":"https:\/\/api.w.org\/{rel}","templated":true}]}}